{"id":1086,"date":"2016-07-08T23:17:45","date_gmt":"2016-07-08T21:17:45","guid":{"rendered":"http:\/\/www.edition-rugerup.de\/?post_type=product&#038;p=1086"},"modified":"2016-10-16T15:21:09","modified_gmt":"2016-10-16T13:21:09","slug":"land-ohne-ende","status":"publish","type":"product","link":"https:\/\/www.edition-rugerup.de\/?product=land-ohne-ende","title":{"rendered":"Land ohne Ende"},"content":{"rendered":"<p style=\"text-align: justify;\">Hendrik Marsman (1899-1940) und Gerrit Achterberg (1905-1962), zwei pr\u00e4gende Gestalten der niederl\u00e4ndischen Dichtung des 20. Jahrhunderts, werden hier erstmals in einer Zusammenschau vorgestellt, die dem deutschsprachigen Publikum wesentliche Aspekte ihres Schaffens zug\u00e4nglich macht.<\/p>\n<p style=\"text-align: justify;\">Mit seinen von ekstatischem Lebensgef\u00fchl durchdrungenen Gedichten, die Liebe und Tod umkreisen, wurde der \u00bbVitalist\u00ab Marsman schon um 1925 f\u00fcr eine ganze Generation junger Autoren zur Leitfigur. Nach k\u00fcnstlerischer Krise und Neubesinnung bem\u00fchte er sich zunehmend um Objektivit\u00e4t und um die Idee einer aus dem Geist mittelmeerisch-europ\u00e4ischer Kultur erneuerten Harmonie menschlicher Gemeinschaft. Der Tod erscheint in ihr als eine Seite einer gr\u00f6\u00dferen, ganzheitlichen Lebenswirklichkeit.<\/p>\n<p style=\"text-align: justify;\">F\u00fcr Achterberg war der Tod geradezu eine vertraute Sph\u00e4re, in der zur Ruhe und zu Wort kommt, was sich im gew\u00f6hnlichen Leben nicht erf\u00fcllen kann. Seine Existenz war tragisch, nicht zuletzt durch ein 1937 begangenes T\u00f6tungsdelikt. Obsessiv kreist sein Schaffen um ein Hauptthema: erneut \u2013 gleichsam auf mystische Weise \u2013 der toten Geliebten im Gedicht zu begegnen. Seine magisch in den Unfarben des Todes leuchtenden Verse machen sie zu einem der ungew\u00f6hnlichsten Zeugnisse niederl\u00e4ndischer Dichtung.<\/p>\n<p style=\"text-align: justify;\">Kurz vor Marsmans Unfalltod begann ein freundschaftlicher Briefwechsel beider M\u00e4nner mit der Ank\u00fcndigung Marsmans, man werde sich wohl bald auch pers\u00f6nlich treffen. Das hat sich nicht mehr ergeben. Die Doppel-Anthologie m\u00f6chte dies \u2013 auf der Ebene ihrer Werke \u2013 nachholen.<\/p>\n<p style=\"text-align: justify;\">Leseprobe (Hendrik Marsman)<\/p>\n<p><em>Erinnerung an Holland<\/em><\/p>\n<p><em>An Holland denk ich,<\/em><br \/>\n<em> sehe breite Flu\u0308sse<\/em><br \/>\n<em> durch grenzenloses Tiefland<\/em><br \/>\n<em> tra\u0308ge ziehn,<\/em><br \/>\n<em> Reihen undenkbar<\/em><br \/>\n<em> lichter Pappeln<\/em><br \/>\n<em> hohen Federn gleich<\/em><br \/>\n<em> zum Horizonte ziehn;<\/em><br \/>\n<em> und im gewaltigen<\/em><br \/>\n<em> Raum versunken<\/em><br \/>\n<em> die Bauernho\u0308fe<\/em><br \/>\n<em> u\u0308bers Land verstreut,<\/em><br \/>\n<em> Baumgruppen, Do\u0308rfer,<\/em><br \/>\n<em> gedrungene Tu\u0308rme,<\/em><br \/>\n<em> Kirchen und Ulmen<\/em><br \/>\n<em> in stolzer Verbundenheit.<\/em><br \/>\n<em> Die Luft ha\u0308ngt tief<\/em><br \/>\n<em> und die Sonne wird langsam<\/em><br \/>\n<em> erstickt im schimmernden Dunst,<\/em><br \/>\n<em> grau und verschwommen,<\/em><br \/>\n<em> und allerorten<\/em><br \/>\n<em> wird die Stimme des Wassers<\/em><br \/>\n<em> und sein ewiges Unheil<\/em><br \/>\n<em> gefu\u0308rchtet und vernommen.<\/em><\/p>\n","protected":false},"excerpt":{"rendered":"<p id=\"price-and-shipping-details\">inkl. MwSt., zzgl. Versandkosten (Inland-Versandkosten = 0,00 \u20ac)<\/p>\n<p id=\"price-and-shipping-details\">Lieferzeit: 3-5 Werktage<\/p>\n<p>Gerrit Achterberg und Hendrik Marsman<\/p>\n<p>Ausgew\u00e4hlte Gedichte.<\/p>\n<p>Zweisprachig. Aus dem Niederl\u00e4ndischen und mit einem Anhang\u00a0von Alfred\u00a0Schreiber.<\/p>\n<p>226\u00a0Seiten<\/p>\n","protected":false},"featured_media":1119,"comment_status":"closed","ping_status":"closed","template":"","meta":[],"product_brand":[],"product_cat":[14,332,316],"product_tag":[],"class_list":{"0":"post-1086","1":"product","2":"type-product","3":"status-publish","4":"has-post-thumbnail","6":"product_cat-internationale-lyrik","7":"product_cat-lyrik","8":"product_cat-hollaendische-lyrik","9":"pa_autor-achterberg-gerrit","10":"pa_autor-marsman-hendrik","11":"pa_erscheinungsjahr-228","12":"pa_isbn-978-3-942955-58-4","13":"pa_seiten-352","14":"pa_uebersetzer-schreiber-alfred","16":"first","17":"instock","18":"shipping-taxable","19":"purchasable","20":"product-type-simple"},"_links":{"self":[{"href":"https:\/\/www.edition-rugerup.de\/index.php?rest_route=\/wp\/v2\/product\/1086","targetHints":{"allow":["GET"]}}],"collection":[{"href":"https:\/\/www.edition-rugerup.de\/index.php?rest_route=\/wp\/v2\/product"}],"about":[{"href":"https:\/\/www.edition-rugerup.de\/index.php?rest_route=\/wp\/v2\/types\/product"}],"replies":[{"embeddable":true,"href":"https:\/\/www.edition-rugerup.de\/index.php?rest_route=%2Fwp%2Fv2%2Fcomments&post=1086"}],"wp:featuredmedia":[{"embeddable":true,"href":"https:\/\/www.edition-rugerup.de\/index.php?rest_route=\/wp\/v2\/media\/1119"}],"wp:attachment":[{"href":"https:\/\/www.edition-rugerup.de\/index.php?rest_route=%2Fwp%2Fv2%2Fmedia&parent=1086"}],"wp:term":[{"taxonomy":"product_brand","embeddable":true,"href":"https:\/\/www.edition-rugerup.de\/index.php?rest_route=%2Fwp%2Fv2%2Fproduct_brand&post=1086"},{"taxonomy":"product_cat","embeddable":true,"href":"https:\/\/www.edition-rugerup.de\/index.php?rest_route=%2Fwp%2Fv2%2Fproduct_cat&post=1086"},{"taxonomy":"product_tag","embeddable":true,"href":"https:\/\/www.edition-rugerup.de\/index.php?rest_route=%2Fwp%2Fv2%2Fproduct_tag&post=1086"}],"curies":[{"name":"wp","href":"https:\/\/api.w.org\/{rel}","templated":true}]}}