{"id":152,"date":"2013-06-10T15:35:29","date_gmt":"2013-06-10T13:35:29","guid":{"rendered":"http:\/\/www.edition-rugerup.de\/?page_id=152"},"modified":"2016-02-13T01:00:29","modified_gmt":"2016-02-13T00:00:29","slug":"manuskripte","status":"publish","type":"page","link":"https:\/\/www.edition-rugerup.de\/?page_id=152","title":{"rendered":"Manuskripte"},"content":{"rendered":"<p style=\"text-align: justify;\">Wir bitten h\u00f6flichst darum, uns unaufgefordert <em>keine<\/em> Manuskripte zuzusenden. Die Edition Rugerup ist ein sehr kleiner Verlag mit etwa 8-10 Neuerscheinungen im Jahr, das Programm ist f\u00fcr die n\u00e4chsten Jahre bereits festgelegt.<\/p>\n<p style=\"text-align: justify;\">Unaufgefordert eingesandte Manuskripte werden aus Zeit- und Kostengr\u00fcnden nicht gelesen und nicht zur\u00fcckgesandt. Wir bitten um Ihr Verst\u00e4ndnis.<\/p>\n<p style=\"text-align: justify;\">Bitte sehen Sie auch von telefonischen oder Email-Erstkontakt-Aufnahmen bzgl. eines nicht-angeforderten\u00a0Manuskripts ab.<\/p>\n<p style=\"text-align: justify;\">\n","protected":false},"excerpt":{"rendered":"<p>Wir bitten h\u00f6flichst darum, uns unaufgefordert keine Manuskripte zuzusenden. Die Edition Rugerup ist ein sehr kleiner Verlag mit etwa 8-10 Neuerscheinungen im Jahr, das Programm ist f\u00fcr die n\u00e4chsten Jahre bereits festgelegt. Unaufgefordert eingesandte Manuskripte werden aus Zeit- und Kostengr\u00fcnden nicht gelesen und nicht zur\u00fcckgesandt. Wir bitten um Ihr Verst\u00e4ndnis. Bitte sehen Sie auch von [&hellip;]<\/p>\n","protected":false},"author":48,"featured_media":0,"parent":131,"menu_order":0,"comment_status":"closed","ping_status":"closed","template":"","meta":{"footnotes":""},"class_list":["post-152","page","type-page","status-publish","hentry"],"_links":{"self":[{"href":"https:\/\/www.edition-rugerup.de\/index.php?rest_route=\/wp\/v2\/pages\/152","targetHints":{"allow":["GET"]}}],"collection":[{"href":"https:\/\/www.edition-rugerup.de\/index.php?rest_route=\/wp\/v2\/pages"}],"about":[{"href":"https:\/\/www.edition-rugerup.de\/index.php?rest_route=\/wp\/v2\/types\/page"}],"author":[{"embeddable":true,"href":"https:\/\/www.edition-rugerup.de\/index.php?rest_route=\/wp\/v2\/users\/48"}],"replies":[{"embeddable":true,"href":"https:\/\/www.edition-rugerup.de\/index.php?rest_route=%2Fwp%2Fv2%2Fcomments&post=152"}],"version-history":[{"count":9,"href":"https:\/\/www.edition-rugerup.de\/index.php?rest_route=\/wp\/v2\/pages\/152\/revisions"}],"predecessor-version":[{"id":754,"href":"https:\/\/www.edition-rugerup.de\/index.php?rest_route=\/wp\/v2\/pages\/152\/revisions\/754"}],"up":[{"embeddable":true,"href":"https:\/\/www.edition-rugerup.de\/index.php?rest_route=\/wp\/v2\/pages\/131"}],"wp:attachment":[{"href":"https:\/\/www.edition-rugerup.de\/index.php?rest_route=%2Fwp%2Fv2%2Fmedia&parent=152"}],"curies":[{"name":"wp","href":"https:\/\/api.w.org\/{rel}","templated":true}]}}